{"id":107,"date":"2021-10-14T13:10:18","date_gmt":"2021-10-14T11:10:18","guid":{"rendered":"https:\/\/ursabroker.pl\/?page_id=107"},"modified":"2021-10-14T13:10:19","modified_gmt":"2021-10-14T11:10:19","slug":"agent-a-broker-czym-sie-roznia","status":"publish","type":"page","link":"https:\/\/ursabroker.pl\/?page_id=107","title":{"rendered":"Agent a broker &#8211; czym si\u0119 r\u00f3\u017cni\u0105?"},"content":{"rendered":"\n<p>Cz\u0119sto Klienci zadaj\u0105 nam pytanie ile firm ubezpieczeniowych mamy w swojej ofercie. S\u0105 bardzo zdziwieni jak odpowiadamy, \u017ce \u017cadnej. No to jak to w ko\u0144cu jest z tym brokerem? Odpowied\u017a jest bardzo prosta. Agent jest przedstawicielem firmy ubezpieczeniowej (a je\u017celi jest to wiele firm to m\u00f3wimy wtedy o multiagencie) i sprzedaje produkty b\u0119d\u0105ce w ofercie tych firm. Broker za\u015b jest przedstawicielem Klienta wobec towarzystw ubezpieczeniowych. M\u00f3wi\u0105c bardziej obrazowo &#8211; broker siedzi po tej samej stronie sto\u0142u co Klient, a agent siedzi zawsze na przeciwko Klienta. Wybieraj\u0105c us\u0142ugi brokera wybiera si\u0119 zatem partnera, kt\u00f3ry w Waszym imieniu rozmawia z firmami ubezpieczeniowymi i robi to tylko w takim obszarze na jaki pozwala brokerowi pe\u0142nomocnictwo. Co zyskuje si\u0119 wybieraj\u0105c brokera? Przede wszystkim czas, czas kt\u00f3rego nie trzeba anga\u017cowa\u0107 w czytanie og\u00f3lnych warunk\u00f3w, sprawdzanie wy\u0142\u0105cze\u0144 i poszukiwanie odpowiedzi na nurtuj\u0105ce pytania. Od tego jest broker, od tego jeste\u015bmy my. A wykorzystany czas mo\u017cna przeznaczy\u0107 na osi\u0105gni\u0119cie jeszcze lepszy rozw\u00f3j Twojej firmy<br>Je\u017celi uwa\u017casz, \u017ce Ursa Broker jest potrzebny w Twojej firmie lub uwa\u017casz, \u017ce warto naszymi us\u0142ugami zainteresowa\u0107 swojego szefa to skontaktuj si\u0119 z nami. Z ch\u0119ci\u0105 si\u0119 spotkamy i porozmawiamy o tym co mo\u017cemy dla Ciebie, dla Was zrobi\u0107.\u00a0<\/p>\n\n\n\n<figure class=\"wp-block-image size-full\"><img loading=\"lazy\" decoding=\"async\" width=\"940\" height=\"788\" src=\"https:\/\/ursabroker.pl\/wp-content\/uploads\/2021\/10\/245517017_113613237762431_2792457897959878268_n.png\" alt=\"\" class=\"wp-image-108\" srcset=\"https:\/\/ursabroker.pl\/wp-content\/uploads\/2021\/10\/245517017_113613237762431_2792457897959878268_n.png 940w, https:\/\/ursabroker.pl\/wp-content\/uploads\/2021\/10\/245517017_113613237762431_2792457897959878268_n-300x251.png 300w, https:\/\/ursabroker.pl\/wp-content\/uploads\/2021\/10\/245517017_113613237762431_2792457897959878268_n-768x644.png 768w\" sizes=\"auto, (max-width: 940px) 100vw, 940px\" \/><\/figure>\n","protected":false},"excerpt":{"rendered":"<p>Cz\u0119sto Klienci zadaj\u0105 nam pytanie ile firm ubezpieczeniowych mamy w swojej ofercie. S\u0105 bardzo zdziwieni jak odpowiadamy, \u017ce \u017cadnej. No to jak to w ko\u0144cu jest z tym brokerem? Odpowied\u017a jest bardzo prosta. Agent jest przedstawicielem firmy ubezpieczeniowej (a je\u017celi jest to wiele firm to m\u00f3wimy wtedy o multiagencie) i sprzedaje produkty b\u0119d\u0105ce w ofercie [&hellip;]<\/p>\n","protected":false},"author":1,"featured_media":108,"parent":0,"menu_order":0,"comment_status":"closed","ping_status":"closed","template":"","meta":{"footnotes":""},"class_list":["post-107","page","type-page","status-publish","has-post-thumbnail","hentry","entry","has-media"],"yoast_head":"<!-- This site is optimized with the Yoast SEO plugin v16.8 - https:\/\/yoast.com\/wordpress\/plugins\/seo\/ -->\n<title>Agent a broker - czym si\u0119 r\u00f3\u017cni\u0105? - Ursa Broker Sp. z o.o.<\/title>\n<meta name=\"description\" content=\"Dlaczego w firmie lepiej jest korzysta\u0107 z us\u0142ug brokera ubezpieczeniowego?\" \/>\n<meta name=\"robots\" content=\"index, follow, max-snippet:-1, max-image-preview:large, max-video-preview:-1\" \/>\n<link rel=\"canonical\" href=\"https:\/\/ursabroker.pl\/?page_id=107\" \/>\n<meta property=\"og:locale\" content=\"en_US\" \/>\n<meta property=\"og:type\" content=\"article\" \/>\n<meta property=\"og:title\" content=\"Agent a broker - czym si\u0119 r\u00f3\u017cni\u0105? - Ursa Broker Sp. z o.o.\" \/>\n<meta property=\"og:description\" content=\"Dlaczego w firmie lepiej jest korzysta\u0107 z us\u0142ug brokera ubezpieczeniowego?\" \/>\n<meta property=\"og:url\" content=\"https:\/\/ursabroker.pl\/?page_id=107\" \/>\n<meta property=\"og:site_name\" content=\"Ursa Broker Sp. z o.o.\" \/>\n<meta property=\"article:modified_time\" content=\"2021-10-14T11:10:19+00:00\" \/>\n<meta property=\"og:image\" content=\"https:\/\/ursabroker.pl\/wp-content\/uploads\/2021\/10\/245517017_113613237762431_2792457897959878268_n.png\" \/>\n\t<meta property=\"og:image:width\" content=\"940\" \/>\n\t<meta property=\"og:image:height\" content=\"788\" \/>\n<meta name=\"twitter:card\" content=\"summary_large_image\" \/>\n<meta name=\"twitter:label1\" content=\"Est. reading time\" \/>\n\t<meta name=\"twitter:data1\" content=\"2 minutes\" \/>\n<script type=\"application\/ld+json\" class=\"yoast-schema-graph\">{\"@context\":\"https:\/\/schema.org\",\"@graph\":[{\"@type\":\"Organization\",\"@id\":\"https:\/\/ursabroker.pl\/#organization\",\"name\":\"Ursa Broker\",\"url\":\"https:\/\/ursabroker.pl\/\",\"sameAs\":[],\"logo\":{\"@type\":\"ImageObject\",\"@id\":\"https:\/\/ursabroker.pl\/#logo\",\"inLanguage\":\"en-US\",\"url\":\"https:\/\/ursabroker.pl\/wp-content\/uploads\/2021\/08\/Oryginalny-Latwe-kadrowanie-obrazu.png\",\"contentUrl\":\"https:\/\/ursabroker.pl\/wp-content\/uploads\/2021\/08\/Oryginalny-Latwe-kadrowanie-obrazu.png\",\"width\":1424,\"height\":1024,\"caption\":\"Ursa Broker\"},\"image\":{\"@id\":\"https:\/\/ursabroker.pl\/#logo\"}},{\"@type\":\"WebSite\",\"@id\":\"https:\/\/ursabroker.pl\/#website\",\"url\":\"https:\/\/ursabroker.pl\/\",\"name\":\"Ursa Broker Sp. z o.o.\",\"description\":\"Broker Ubezpieczeniowy\",\"publisher\":{\"@id\":\"https:\/\/ursabroker.pl\/#organization\"},\"potentialAction\":[{\"@type\":\"SearchAction\",\"target\":{\"@type\":\"EntryPoint\",\"urlTemplate\":\"https:\/\/ursabroker.pl\/?s={search_term_string}\"},\"query-input\":\"required name=search_term_string\"}],\"inLanguage\":\"en-US\"},{\"@type\":\"ImageObject\",\"@id\":\"https:\/\/ursabroker.pl\/?page_id=107#primaryimage\",\"inLanguage\":\"en-US\",\"url\":\"https:\/\/ursabroker.pl\/wp-content\/uploads\/2021\/10\/245517017_113613237762431_2792457897959878268_n.png\",\"contentUrl\":\"https:\/\/ursabroker.pl\/wp-content\/uploads\/2021\/10\/245517017_113613237762431_2792457897959878268_n.png\",\"width\":940,\"height\":788},{\"@type\":\"WebPage\",\"@id\":\"https:\/\/ursabroker.pl\/?page_id=107#webpage\",\"url\":\"https:\/\/ursabroker.pl\/?page_id=107\",\"name\":\"Agent a broker - czym si\\u0119 r\\u00f3\\u017cni\\u0105? - Ursa Broker Sp. z o.o.\",\"isPartOf\":{\"@id\":\"https:\/\/ursabroker.pl\/#website\"},\"primaryImageOfPage\":{\"@id\":\"https:\/\/ursabroker.pl\/?page_id=107#primaryimage\"},\"datePublished\":\"2021-10-14T11:10:18+00:00\",\"dateModified\":\"2021-10-14T11:10:19+00:00\",\"description\":\"Dlaczego w firmie lepiej jest korzysta\\u0107 z us\\u0142ug brokera ubezpieczeniowego?\",\"breadcrumb\":{\"@id\":\"https:\/\/ursabroker.pl\/?page_id=107#breadcrumb\"},\"inLanguage\":\"en-US\",\"potentialAction\":[{\"@type\":\"ReadAction\",\"target\":[\"https:\/\/ursabroker.pl\/?page_id=107\"]}]},{\"@type\":\"BreadcrumbList\",\"@id\":\"https:\/\/ursabroker.pl\/?page_id=107#breadcrumb\",\"itemListElement\":[{\"@type\":\"ListItem\",\"position\":1,\"name\":\"Home\",\"item\":\"https:\/\/ursabroker.pl\/\"},{\"@type\":\"ListItem\",\"position\":2,\"name\":\"Agent a broker &#8211; czym si\\u0119 r\\u00f3\\u017cni\\u0105?\"}]}]}<\/script>\n<!-- \/ Yoast SEO plugin. -->","yoast_head_json":{"title":"Agent a broker - czym si\u0119 r\u00f3\u017cni\u0105? - Ursa Broker Sp. z o.o.","description":"Dlaczego w firmie lepiej jest korzysta\u0107 z us\u0142ug brokera ubezpieczeniowego?","robots":{"index":"index","follow":"follow","max-snippet":"max-snippet:-1","max-image-preview":"max-image-preview:large","max-video-preview":"max-video-preview:-1"},"canonical":"https:\/\/ursabroker.pl\/?page_id=107","og_locale":"en_US","og_type":"article","og_title":"Agent a broker - czym si\u0119 r\u00f3\u017cni\u0105? - Ursa Broker Sp. z o.o.","og_description":"Dlaczego w firmie lepiej jest korzysta\u0107 z us\u0142ug brokera ubezpieczeniowego?","og_url":"https:\/\/ursabroker.pl\/?page_id=107","og_site_name":"Ursa Broker Sp. z o.o.","article_modified_time":"2021-10-14T11:10:19+00:00","og_image":[{"width":940,"height":788,"url":"https:\/\/ursabroker.pl\/wp-content\/uploads\/2021\/10\/245517017_113613237762431_2792457897959878268_n.png","path":"\/autoinstalator\/wordpressplugins\/wp-content\/uploads\/2021\/10\/245517017_113613237762431_2792457897959878268_n.png","size":"full","id":108,"alt":"","pixels":740720,"type":"image\/png"}],"twitter_card":"summary_large_image","twitter_misc":{"Est. reading time":"2 minutes"},"schema":{"@context":"https:\/\/schema.org","@graph":[{"@type":"Organization","@id":"https:\/\/ursabroker.pl\/#organization","name":"Ursa Broker","url":"https:\/\/ursabroker.pl\/","sameAs":[],"logo":{"@type":"ImageObject","@id":"https:\/\/ursabroker.pl\/#logo","inLanguage":"en-US","url":"https:\/\/ursabroker.pl\/wp-content\/uploads\/2021\/08\/Oryginalny-Latwe-kadrowanie-obrazu.png","contentUrl":"https:\/\/ursabroker.pl\/wp-content\/uploads\/2021\/08\/Oryginalny-Latwe-kadrowanie-obrazu.png","width":1424,"height":1024,"caption":"Ursa Broker"},"image":{"@id":"https:\/\/ursabroker.pl\/#logo"}},{"@type":"WebSite","@id":"https:\/\/ursabroker.pl\/#website","url":"https:\/\/ursabroker.pl\/","name":"Ursa Broker Sp. z o.o.","description":"Broker Ubezpieczeniowy","publisher":{"@id":"https:\/\/ursabroker.pl\/#organization"},"potentialAction":[{"@type":"SearchAction","target":{"@type":"EntryPoint","urlTemplate":"https:\/\/ursabroker.pl\/?s={search_term_string}"},"query-input":"required name=search_term_string"}],"inLanguage":"en-US"},{"@type":"ImageObject","@id":"https:\/\/ursabroker.pl\/?page_id=107#primaryimage","inLanguage":"en-US","url":"https:\/\/ursabroker.pl\/wp-content\/uploads\/2021\/10\/245517017_113613237762431_2792457897959878268_n.png","contentUrl":"https:\/\/ursabroker.pl\/wp-content\/uploads\/2021\/10\/245517017_113613237762431_2792457897959878268_n.png","width":940,"height":788},{"@type":"WebPage","@id":"https:\/\/ursabroker.pl\/?page_id=107#webpage","url":"https:\/\/ursabroker.pl\/?page_id=107","name":"Agent a broker - czym si\u0119 r\u00f3\u017cni\u0105? - Ursa Broker Sp. z o.o.","isPartOf":{"@id":"https:\/\/ursabroker.pl\/#website"},"primaryImageOfPage":{"@id":"https:\/\/ursabroker.pl\/?page_id=107#primaryimage"},"datePublished":"2021-10-14T11:10:18+00:00","dateModified":"2021-10-14T11:10:19+00:00","description":"Dlaczego w firmie lepiej jest korzysta\u0107 z us\u0142ug brokera ubezpieczeniowego?","breadcrumb":{"@id":"https:\/\/ursabroker.pl\/?page_id=107#breadcrumb"},"inLanguage":"en-US","potentialAction":[{"@type":"ReadAction","target":["https:\/\/ursabroker.pl\/?page_id=107"]}]},{"@type":"BreadcrumbList","@id":"https:\/\/ursabroker.pl\/?page_id=107#breadcrumb","itemListElement":[{"@type":"ListItem","position":1,"name":"Home","item":"https:\/\/ursabroker.pl\/"},{"@type":"ListItem","position":2,"name":"Agent a broker &#8211; czym si\u0119 r\u00f3\u017cni\u0105?"}]}]}},"_links":{"self":[{"href":"https:\/\/ursabroker.pl\/index.php?rest_route=\/wp\/v2\/pages\/107","targetHints":{"allow":["GET"]}}],"collection":[{"href":"https:\/\/ursabroker.pl\/index.php?rest_route=\/wp\/v2\/pages"}],"about":[{"href":"https:\/\/ursabroker.pl\/index.php?rest_route=\/wp\/v2\/types\/page"}],"author":[{"embeddable":true,"href":"https:\/\/ursabroker.pl\/index.php?rest_route=\/wp\/v2\/users\/1"}],"replies":[{"embeddable":true,"href":"https:\/\/ursabroker.pl\/index.php?rest_route=%2Fwp%2Fv2%2Fcomments&post=107"}],"version-history":[{"count":2,"href":"https:\/\/ursabroker.pl\/index.php?rest_route=\/wp\/v2\/pages\/107\/revisions"}],"predecessor-version":[{"id":110,"href":"https:\/\/ursabroker.pl\/index.php?rest_route=\/wp\/v2\/pages\/107\/revisions\/110"}],"wp:featuredmedia":[{"embeddable":true,"href":"https:\/\/ursabroker.pl\/index.php?rest_route=\/wp\/v2\/media\/108"}],"wp:attachment":[{"href":"https:\/\/ursabroker.pl\/index.php?rest_route=%2Fwp%2Fv2%2Fmedia&parent=107"}],"curies":[{"name":"wp","href":"https:\/\/api.w.org\/{rel}","templated":true}]}}